{"id":6,"date":"2019-08-14T16:39:25","date_gmt":"2019-08-14T14:39:25","guid":{"rendered":"http:\/\/wordpress.p524739.webspaceconfig.de\/?page_id=6"},"modified":"2019-08-14T16:39:25","modified_gmt":"2019-08-14T14:39:25","slug":"6-2","status":"publish","type":"page","link":"http:\/\/hund-und-schueler.de\/?page_id=6","title":{"rendered":"Start"},"content":{"rendered":"<p>[et_pb_section fb_built=&#8220;1&#8243; _builder_version=&#8220;3.26.6&#8243; background_image=&#8220;http:\/\/wordpress.p524739.webspaceconfig.de\/wp-content\/uploads\/2019\/08\/hundesch\u00fcler-start.png&#8220; max_height=&#8220;1049px&#8220; custom_margin=&#8220;||42px|||&#8220; custom_padding=&#8220;2px|0px|460px|||&#8220; filter_saturate=&#8220;111%&#8220; filter_brightness=&#8220;99%&#8220; filter_contrast=&#8220;131%&#8220;][et_pb_row _builder_version=&#8220;3.26.6&#8243;][et_pb_column type=&#8220;4_4&#8243; _builder_version=&#8220;3.26.6&#8243;][et_pb_text _builder_version=&#8220;3.26.6&#8243; custom_padding=&#8220;||0px|||&#8220;]<\/p>\n<h1 style=\"text-align: center;\"><span style=\"color: #000000; font-family: inherit; font-weight: normal;\"><strong>Der &#8222;HundeSch\u00fcler&#8220;<\/strong><\/span><\/h1>\n<p style=\"text-align: center;\"><span style=\"color: #000000; font-family: inherit;\">\u00a0<\/span><\/p>\n<h5 style=\"text-align: center;\"><span style=\"color: #000000; font-family: inherit; font-weight: normal;\">Hundeerziehung, Verhaltensberatung und professionelle <\/span><span style=\"color: #000000; font-family: inherit; font-weight: normal;\">Hundebetreuung<\/span><\/h5>\n<p>[\/et_pb_text][\/et_pb_column][\/et_pb_row][et_pb_row column_structure=&#8220;1_3,1_3,1_3&#8243; _builder_version=&#8220;3.26.6&#8243; min_height=&#8220;66px&#8220; custom_margin=&#8220;|auto|-139px|auto||&#8220; custom_padding=&#8220;0px|||||&#8220;][et_pb_column type=&#8220;1_3&#8243; _builder_version=&#8220;3.26.6&#8243;][et_pb_button button_url=&#8220;http:\/\/www.designentwurf.net\/?page_id=82&#8243; button_text=&#8220;Hundeschule  0178\/2512680&#8243; button_alignment=&#8220;center&#8220; _builder_version=&#8220;3.26.6&#8243; custom_button=&#8220;on&#8220; button_text_size=&#8220;20px&#8220; button_text_color=&#8220;#ffffff&#8220; button_bg_color=&#8220;#f3991c&#8220; button_border_width=&#8220;1px&#8220; button_border_color=&#8220;#ffffff&#8220; button_border_radius=&#8220;100px&#8220; button_letter_spacing=&#8220;3px&#8220; button_icon=&#8220;%%20%%&#8220; button_icon_color=&#8220;#ffffff&#8220; button_icon_placement=&#8220;left&#8220; button_on_hover=&#8220;off&#8220; button_text_shadow_style=&#8220;preset1&#8243; button_text_shadow_color=&#8220;rgba(0,0,0,0.53)&#8220; box_shadow_style=&#8220;preset1&#8243; box_shadow_horizontal=&#8220;1px&#8220; box_shadow_spread=&#8220;3px&#8220;][\/et_pb_button][\/et_pb_column][et_pb_column type=&#8220;1_3&#8243; _builder_version=&#8220;3.26.6&#8243;][et_pb_button button_url=&#8220;#neuigkeiten&#8220; button_text=&#8220;Neuigkeiten&#8220; button_alignment=&#8220;center&#8220; _builder_version=&#8220;3.26.6&#8243; custom_button=&#8220;on&#8220; button_text_color=&#8220;#ffffff&#8220; button_bg_color=&#8220;rgba(73,73,73,0.61)&#8220; button_border_width=&#8220;1px&#8220; button_border_radius=&#8220;100px&#8220; button_letter_spacing=&#8220;3px&#8220; button_text_shadow_style=&#8220;preset1&#8243; box_shadow_style=&#8220;preset1&#8243; box_shadow_horizontal=&#8220;1px&#8220; box_shadow_spread=&#8220;3px&#8220; custom_margin=&#8220;|-4px||||&#8220;][\/et_pb_button][\/et_pb_column][et_pb_column type=&#8220;1_3&#8243; _builder_version=&#8220;3.26.6&#8243;][et_pb_button button_url=&#8220;http:\/\/www.designentwurf.net\/?page_id=1113&#8243; button_text=&#8220;Hundetagesst\u00e4tte 0160\/99180208&#8243; button_alignment=&#8220;center&#8220; _builder_version=&#8220;3.26.6&#8243; custom_button=&#8220;on&#8220; button_text_size=&#8220;20px&#8220; button_text_color=&#8220;#ffffff&#8220; button_bg_color=&#8220;#016fac&#8220; button_border_width=&#8220;1px&#8220; button_border_color=&#8220;#ffffff&#8220; button_border_radius=&#8220;100px&#8220; button_letter_spacing=&#8220;3px&#8220; button_icon=&#8220;%%20%%&#8220; button_icon_color=&#8220;#ffffff&#8220; button_icon_placement=&#8220;left&#8220; button_on_hover=&#8220;off&#8220; button_text_shadow_style=&#8220;preset1&#8243; button_text_shadow_color=&#8220;rgba(0,0,0,0.53)&#8220; box_shadow_style=&#8220;preset1&#8243; box_shadow_horizontal=&#8220;1px&#8220; box_shadow_spread=&#8220;3px&#8220;][\/et_pb_button][\/et_pb_column][\/et_pb_row][\/et_pb_section][et_pb_section fb_built=&#8220;1&#8243; admin_label=&#8220;Support Section&#8220; _builder_version=&#8220;3.26.6&#8243; custom_padding=&#8220;15px|0px|0px|0px|false|false&#8220; top_divider_flip=&#8220;vertical&#8220;][et_pb_row column_structure=&#8220;1_3,1_3,1_3&#8243; _builder_version=&#8220;3.26.6&#8243; custom_margin=&#8220;-58px|auto||auto||&#8220; custom_padding=&#8220;27px||0px||false|false&#8220;][et_pb_column type=&#8220;1_3&#8243; _builder_version=&#8220;3.26.6&#8243;][et_pb_post_slider include_categories=&#8220;12&#8243; more_text=&#8220;Weiterlesen&#8220; show_meta=&#8220;off&#8220; bg_overlay_color=&#8220;#f3991c&#8220; use_text_overlay=&#8220;off&#8220; _builder_version=&#8220;3.26.6&#8243; header_font=&#8220;Times New Roman||||||||&#8220; custom_button=&#8220;on&#8220; button_text_color=&#8220;#ffffff&#8220; custom_padding=&#8220;||0px|||&#8220; height=&#8220;400px&#8220;][\/et_pb_post_slider][\/et_pb_column][et_pb_column type=&#8220;1_3&#8243; _builder_version=&#8220;3.26.6&#8243;][et_pb_post_slider include_categories=&#8220;13&#8243; more_text=&#8220;Weiterlesen&#8220; show_meta=&#8220;off&#8220; bg_overlay_color=&#8220;#106fac&#8220; use_text_overlay=&#8220;off&#8220; module_id=&#8220;neuigkeiten&#8220; _builder_version=&#8220;3.26.6&#8243; header_font=&#8220;Times New Roman||||||||&#8220; custom_button=&#8220;on&#8220; button_text_color=&#8220;#ffffff&#8220; box_shadow_style=&#8220;preset1&#8243; max_height=&#8220;425px&#8220; custom_margin=&#8220;||-364px|||&#8220; custom_padding=&#8220;||0px|||&#8220; height=&#8220;400px&#8220;][\/et_pb_post_slider][\/et_pb_column][et_pb_column type=&#8220;1_3&#8243; _builder_version=&#8220;3.26.6&#8243;][et_pb_cta button_text=&#8220;Klicks&#8220; _builder_version=&#8220;3.26.6&#8243; height=&#8220;400px&#8220; background_color=&#8220;#6b6b6b&#8220;]<\/p>\n<h2><span style=\"font-family: inherit;\"><strong>Kontakt<\/strong><\/span><\/h2>\n<p><span style=\"font-family: inherit;\"><strong>Trainingsplatz &amp; Betreuung<\/strong><\/span><\/p>\n<p><span style=\"font-family: inherit;\">Theodor-Heuss-Ring 52<\/span><\/p>\n<p><span style=\"font-family: inherit;\">65189 Wiesbaden<\/span><\/p>\n<h6><span style=\"font-family: inherit;\">(Parkpl\u00e4tze ausreichend vorhanden)<\/span><\/h6>\n<p><span style=\"font-family: inherit;\">Email: hallo@hundeschueler.de<\/span><\/p>\n<h2><strong><img loading=\"lazy\" decoding=\"async\" class=\"wp-image-803 alignnone size-full\" alt=\"\" src=\"http:\/\/hundeschule-wiesbaden.org\/wp-content\/uploads\/2019\/10\/IHK-BHV-M-ihkblau.gif\" width=\"294\" height=\"91\" \/><\/strong><\/h2>\n<h2><\/h2>\n<p>[\/et_pb_cta][\/et_pb_column][\/et_pb_row][et_pb_row _builder_version=&#8220;3.26.6&#8243;][et_pb_column type=&#8220;4_4&#8243; _builder_version=&#8220;3.26.6&#8243;][et_pb_post_nav prev_text=&#8220;\u00e4ltere Neuigkeiten&#8220; next_text=&#8220;weitere Neuigkeiten&#8220; _builder_version=&#8220;3.26.6&#8243; title_text_color=&#8220;#383838&#8243; title_font_size=&#8220;16px&#8220; background_color=&#8220;rgba(0,0,0,0)&#8220; custom_margin=&#8220;||21px|||&#8220; custom_padding=&#8220;||21px|||&#8220;][\/et_pb_post_nav][\/et_pb_column][\/et_pb_row][et_pb_row _builder_version=&#8220;3.26.6&#8243;][et_pb_column type=&#8220;4_4&#8243; _builder_version=&#8220;3.26.6&#8243;][et_pb_text _builder_version=&#8220;3.26.6&#8243;]<\/p>\n<h1 style=\"text-align: center;\"><span style=\"font-family: inherit; font-weight: normal; font-size: xx-large; color: #494949;\">Herzlich willkommen in Ihrer Hundeschule und Hundetagesst\u00e4tte im<\/span><\/h1>\n<h1 style=\"text-align: center;\"><span style=\"font-family: inherit; font-weight: normal; font-size: xx-large; color: #494949;\"> Herzen Wiesbadens<\/span><\/h1>\n<h2 style=\"text-align: justify;\"><span style=\"font-family: Belgrano; font-weight: normal; font-size: large;\"><\/span><\/h2>\n<p>[\/et_pb_text][\/et_pb_column][\/et_pb_row][et_pb_row _builder_version=&#8220;3.26.6&#8243;][et_pb_column type=&#8220;4_4&#8243; _builder_version=&#8220;3.26.6&#8243;][et_pb_text _builder_version=&#8220;3.26.6&#8243;]<\/p>\n<h2 style=\"text-align: justify;\"><span style=\"font-family: inherit; font-weight: normal; font-size: large;\">In unserer Hundeschule bieten wir verschiedene Kurse vom Welpen, \u00fcber Grunderziehung und Besch\u00e4ftigungs- &amp; Bindungskurse bis zum Hundef\u00fchrerschein. Im Stundenplan finden Sie das aktuelle Angebot. Wir laden Sie herzlich ein, an einer Schnupperstunde bei unseren Welpenkursen (10,00 EUR) teilzunehmen oder Sie vereinbaren ein Vorstellungsgespr\u00e4ch (25,00 EUR).<\/span><\/h2>\n<h2 style=\"text-align: justify;\"><span style=\"font-family: inherit; font-weight: normal; font-size: large;\">Die Hundetagesst\u00e4tte bietet auf zwei Gel\u00e4nden Platz f\u00fcr 40 Hunde. Neben gro\u00dfen Auslauffl\u00e4chen stehen den Hunden auch ausreichend isolierte und beheizte H\u00fctten zur Verf\u00fcgung. Beschattete Liegefl\u00e4chen f\u00fcr die hei\u00dfen Tage gibt es auch. Unser Team besteht aus gut ausgebildeten Betreuern\/Trainern mit viel Erfahrung rund um den Hund.<\/span><\/h2>\n<p>[\/et_pb_text][\/et_pb_column][\/et_pb_row][et_pb_row _builder_version=&#8220;3.26.6&#8243;][et_pb_column type=&#8220;4_4&#8243; _builder_version=&#8220;3.26.6&#8243;][et_pb_text _builder_version=&#8220;3.26.6&#8243; custom_padding=&#8220;0px|||||&#8220;]<\/p>\n<p>[kw_stundenplan \/]<\/p>\n<p>[\/et_pb_text][\/et_pb_column][\/et_pb_row][\/et_pb_section][et_pb_section fb_built=&#8220;1&#8243; _builder_version=&#8220;3.26.6&#8243; background_color=&#8220;rgba(0,0,0,0)&#8220; background_image=&#8220;http:\/\/wordpress.p524739.webspaceconfig.de\/wp-content\/uploads\/2019\/08\/AdobeStock_111838014klein.jpeg&#8220; custom_margin=&#8220;36px|||||&#8220; custom_padding=&#8220;170px||188px|5px||&#8220;][\/et_pb_section]<\/p>\n","protected":false},"excerpt":{"rendered":"<p>[et_pb_section fb_built=&#8220;1&#8243; _builder_version=&#8220;3.26.6&#8243; background_image=&#8220;http:\/\/wordpress.p524739.webspaceconfig.de\/wp-content\/uploads\/2019\/08\/hundesch\u00fcler-start.png&#8220; max_height=&#8220;1049px&#8220; custom_margin=&#8220;||42px|||&#8220; custom_padding=&#8220;2px|0px|460px|||&#8220; filter_saturate=&#8220;111%&#8220; filter_brightness=&#8220;99%&#8220; filter_contrast=&#8220;131%&#8220;][et_pb_row _builder_version=&#8220;3.26.6&#8243;][et_pb_column type=&#8220;4_4&#8243; _builder_version=&#8220;3.26.6&#8243;][et_pb_text _builder_version=&#8220;3.26.6&#8243; custom_padding=&#8220;||0px|||&#8220;] Der &#8222;HundeSch\u00fcler&#8220; \u00a0 Hundeerziehung, Verhaltensberatung und professionelle Hundebetreuung [\/et_pb_text][\/et_pb_column][\/et_pb_row][et_pb_row column_structure=&#8220;1_3,1_3,1_3&#8243; _builder_version=&#8220;3.26.6&#8243; min_height=&#8220;66px&#8220; custom_margin=&#8220;|auto|-139px|auto||&#8220; custom_padding=&#8220;0px|||||&#8220;][et_pb_column type=&#8220;1_3&#8243; _builder_version=&#8220;3.26.6&#8243;][et_pb_button button_url=&#8220;http:\/\/www.designentwurf.net\/?page_id=82&#8243; button_text=&#8220;Hundeschule 0178\/2512680&#8243; button_alignment=&#8220;center&#8220; _builder_version=&#8220;3.26.6&#8243; custom_button=&#8220;on&#8220; button_text_size=&#8220;20px&#8220; button_text_color=&#8220;#ffffff&#8220; button_bg_color=&#8220;#f3991c&#8220; button_border_width=&#8220;1px&#8220; button_border_color=&#8220;#ffffff&#8220; button_border_radius=&#8220;100px&#8220; button_letter_spacing=&#8220;3px&#8220; button_icon=&#8220;%%20%%&#8220; button_icon_color=&#8220;#ffffff&#8220; button_icon_placement=&#8220;left&#8220; button_on_hover=&#8220;off&#8220; button_text_shadow_style=&#8220;preset1&#8243; button_text_shadow_color=&#8220;rgba(0,0,0,0.53)&#8220; box_shadow_style=&#8220;preset1&#8243; box_shadow_horizontal=&#8220;1px&#8220; box_shadow_spread=&#8220;3px&#8220;][\/et_pb_button][\/et_pb_column][et_pb_column type=&#8220;1_3&#8243; _builder_version=&#8220;3.26.6&#8243;][et_pb_button [&hellip;]<\/p>\n","protected":false},"author":1,"featured_media":0,"parent":0,"menu_order":0,"comment_status":"closed","ping_status":"closed","template":"","meta":{"footnotes":""},"_links":{"self":[{"href":"http:\/\/hund-und-schueler.de\/index.php?rest_route=\/wp\/v2\/pages\/6"}],"collection":[{"href":"http:\/\/hund-und-schueler.de\/index.php?rest_route=\/wp\/v2\/pages"}],"about":[{"href":"http:\/\/hund-und-schueler.de\/index.php?rest_route=\/wp\/v2\/types\/page"}],"author":[{"embeddable":true,"href":"http:\/\/hund-und-schueler.de\/index.php?rest_route=\/wp\/v2\/users\/1"}],"replies":[{"embeddable":true,"href":"http:\/\/hund-und-schueler.de\/index.php?rest_route=%2Fwp%2Fv2%2Fcomments&post=6"}],"version-history":[{"count":0,"href":"http:\/\/hund-und-schueler.de\/index.php?rest_route=\/wp\/v2\/pages\/6\/revisions"}],"wp:attachment":[{"href":"http:\/\/hund-und-schueler.de\/index.php?rest_route=%2Fwp%2Fv2%2Fmedia&parent=6"}],"curies":[{"name":"wp","href":"https:\/\/api.w.org\/{rel}","templated":true}]}}