{"id":589,"date":"2019-09-02T11:38:38","date_gmt":"2019-09-02T09:38:38","guid":{"rendered":"http:\/\/wordpress.p524739.webspaceconfig.de\/?page_id=589"},"modified":"2019-09-02T11:38:38","modified_gmt":"2019-09-02T09:38:38","slug":"das-team","status":"publish","type":"page","link":"http:\/\/hund-und-schueler.de\/?page_id=589","title":{"rendered":"Das Team"},"content":{"rendered":"<p>[et_pb_section fb_built=&#8220;1&#8243; _builder_version=&#8220;3.26.6&#8243; custom_padding=&#8220;0px||0px|||&#8220; top_divider_style=&#8220;ramp2&#8243; top_divider_color=&#8220;#474747&#8243; top_divider_height=&#8220;145px&#8220; top_divider_flip=&#8220;vertical|horizontal&#8220; locked=&#8220;off&#8220;][et_pb_row _builder_version=&#8220;3.26.6&#8243; background_size=&#8220;initial&#8220; background_position=&#8220;top_left&#8220; background_repeat=&#8220;repeat&#8220; custom_padding=&#8220;98px|||||&#8220;][et_pb_column type=&#8220;4_4&#8243; _builder_version=&#8220;3.25&#8243; custom_padding=&#8220;|||&#8220; custom_padding__hover=&#8220;|||&#8220;][et_pb_text _builder_version=&#8220;3.26.6&#8243; animation_style=&#8220;fade&#8220;]<\/p>\n<h1 style=\"text-align: center;\"><span style=\"font-size: xx-large;\">UNSER TEAM<br \/> <\/span><\/h1>\n<p>[\/et_pb_text][\/et_pb_column][\/et_pb_row][\/et_pb_section][et_pb_section fb_built=&#8220;1&#8243; specialty=&#8220;on&#8220; admin_label=&#8220;Person&#8220; _builder_version=&#8220;3.22&#8243; min_height=&#8220;569px&#8220; custom_margin=&#8220;-10px|||||&#8220; custom_padding=&#8220;|||&#8220;][et_pb_column type=&#8220;1_3&#8243; _builder_version=&#8220;3.25&#8243; custom_padding=&#8220;|||&#8220; custom_padding__hover=&#8220;|||&#8220;][et_pb_image src=&#8220;http:\/\/wordpress.p524739.webspaceconfig.de\/wp-content\/uploads\/2019\/09\/ralle_eddi_4.jpg&#8220; force_fullwidth=&#8220;on&#8220; align_tablet=&#8220;center&#8220; align_last_edited=&#8220;on|desktop&#8220; _builder_version=&#8220;3.26.6&#8243; box_shadow_style=&#8220;preset4&#8243; animation_style=&#8220;fade&#8220; locked=&#8220;off&#8220;][\/et_pb_image][\/et_pb_column][et_pb_column type=&#8220;2_3&#8243; specialty_columns=&#8220;2&#8243; _builder_version=&#8220;3.25&#8243; custom_padding=&#8220;|||&#8220; custom_padding__hover=&#8220;|||&#8220;][et_pb_row_inner _builder_version=&#8220;3.25&#8243; custom_padding=&#8220;29.6875px|0px|0px|0px&#8220;][et_pb_column_inner saved_specialty_column_type=&#8220;2_3&#8243; _builder_version=&#8220;3.25&#8243; custom_padding=&#8220;|||&#8220; custom_padding__hover=&#8220;|||&#8220;][et_pb_text admin_label=&#8220;Name&#8220; _builder_version=&#8220;3.0.105&#8243; text_font=&#8220;Montserrat||||||||&#8220; header_font=&#8220;||||||||&#8220; header_3_font=&#8220;Cormorant Garamond|500|||||||&#8220; header_3_font_size=&#8220;32px&#8220; custom_margin=&#8220;|||&#8220; locked=&#8220;off&#8220;]<\/p>\n<h3>Ralf Gehrke<\/h3>\n<p>Inhaber<\/p>\n<p><span class=\"contact-street\">Sachkundenachweis f\u00fcr gewerbsm\u00e4\u00dfige Hundehaltung nach \u00a7 11(1) Nr. 3, 5 und 8 (a.,b.) Tierschutzgesetz<\/span><\/p>\n<p>Sachkunde f\u00fcr Hundehalter gem. \u00a7\u00a7 10 und 11 Landeshundegesetz NRW f\u00fcr gef\u00e4hrliche Hunde, Hunde bestimmter Rassen, gro\u00dfe Hunde<\/p>\n<p><span class=\"jicons-icons\"> <img decoding=\"async\" src=\"https:\/\/www.hundeschueler.de\/media\/contacts\/images\/emailButton.png\" alt=\"E-Mail: \" \/> <\/span> <span class=\"contact-emailto\"> <span id=\"cloak41029517975b952b94a3fd74b6e07abe\"><a href=\"mailto:info@ralf-gehrke.de\">info@ralf-gehrke.de<\/a><\/span><\/span><\/p>\n<p><span class=\"jicons-icons\"><img decoding=\"async\" src=\"https:\/\/www.hundeschueler.de\/media\/contacts\/images\/con_mobile.png\" alt=\"Fax: \" \/><\/span> <span class=\"contact-mobile\">0172 \/ 6705334 (Di &#8211; Fr, 10 &#8211; 15 Uhr)<\/span><\/p>\n<p><span class=\"contact-street\"><\/span><\/p>\n<p>[\/et_pb_text][\/et_pb_column_inner][\/et_pb_row_inner][et_pb_row_inner _builder_version=&#8220;3.26.6&#8243;][et_pb_column_inner saved_specialty_column_type=&#8220;2_3&#8243; _builder_version=&#8220;3.26.6&#8243;][et_pb_toggle title=&#8220;Mehr&#8230;&#8220; _builder_version=&#8220;3.26.6&#8243;]<\/p>\n<div class=\"contact-miscinfo\">\n<div class=\"contact-misc\">\n<p>Seit meiner Kindheit (vor langer Zeit) haben mich Hunde begleitet. Ob Pudel, Dackel, Kleiner M\u00fcnsterl\u00e4nder oder Labi &#8211; viele Jahre hatte ich einen treuen Vierbeiner an meiner Seite.<\/p>\n<p> Durch die Ausbildung meiner Frau Eli bin ich jetzt auch in den professionelleren Bereich der Hundewelt vorgestossen und habe neben vielen Kursen mit unserem Eddi auch den Hundef\u00fchrerschein absolviert.<br \/> Eine neue Herausforderung wird jetzt die Leitung der Hundetagesst\u00e4tte sein.<\/p>\n<p>Ich stehe gerne mit Rat und Tat f\u00fcr Sie bereit!<\/p>\n<\/div>\n<\/div>\n<p>[\/et_pb_toggle][\/et_pb_column_inner][\/et_pb_row_inner][\/et_pb_column][\/et_pb_section][et_pb_section fb_built=&#8220;1&#8243; specialty=&#8220;on&#8220; admin_label=&#8220;Person&#8220; _builder_version=&#8220;3.22&#8243; custom_padding=&#8220;|||&#8220;][et_pb_column type=&#8220;1_3&#8243; _builder_version=&#8220;3.25&#8243; custom_padding=&#8220;|||&#8220; custom_padding__hover=&#8220;|||&#8220;][et_pb_image src=&#8220;http:\/\/wordpress.p524739.webspaceconfig.de\/wp-content\/uploads\/2019\/09\/eli.jpg&#8220; force_fullwidth=&#8220;on&#8220; align_tablet=&#8220;center&#8220; align_last_edited=&#8220;on|desktop&#8220; _builder_version=&#8220;3.26.6&#8243; box_shadow_style=&#8220;preset4&#8243; animation_style=&#8220;fade&#8220; locked=&#8220;off&#8220;][\/et_pb_image][\/et_pb_column][et_pb_column type=&#8220;2_3&#8243; specialty_columns=&#8220;2&#8243; _builder_version=&#8220;3.25&#8243; custom_padding=&#8220;|||&#8220; custom_padding__hover=&#8220;|||&#8220;][et_pb_row_inner _builder_version=&#8220;3.25&#8243; custom_padding=&#8220;29.6875px|0px|0px|0px&#8220;][et_pb_column_inner saved_specialty_column_type=&#8220;2_3&#8243; _builder_version=&#8220;3.25&#8243; custom_padding=&#8220;|||&#8220; custom_padding__hover=&#8220;|||&#8220;][et_pb_text admin_label=&#8220;Name&#8220; _builder_version=&#8220;3.0.105&#8243; text_font=&#8220;Montserrat||||||||&#8220; header_font=&#8220;||||||||&#8220; header_3_font=&#8220;Cormorant Garamond|500|||||||&#8220; header_3_font_size=&#8220;32px&#8220; custom_margin=&#8220;|||&#8220; locked=&#8220;off&#8220;]<\/p>\n<h3>Eli Gehrke<\/h3>\n<p>Trainerin &amp; Betreuung HuTa<\/p>\n<p>Hundeerzieherin und Verhaltensberaterin IHK<\/p>\n<p><span class=\"contact-street\">Sachkundenachweis f\u00fcr gewerbliche Hundetrainer nach \u00a7 11, Absatz 1, Satz 1, Nummer 8 Buchstabe f des Tierschutzgesetzes.<\/span><\/p>\n<p><span class=\"contact-street\"><\/span><\/p>\n<div class=\"contact-contactinfo\">\n<p><span class=\"jicons-icons\"> <img decoding=\"async\" src=\"https:\/\/www.hundeschueler.de\/media\/contacts\/images\/emailButton.png\" alt=\"E-Mail: \" \/> <\/span> <span class=\"contact-emailto\"> <span id=\"cloak07ccc305089f28b65e944b63c828d5fb\"><a href=\"mailto:eli.gehrke@hundeschueler.de\">eli.gehrke@hundeschueler.de<\/a><\/span> <\/span><\/p>\n<p><span class=\"jicons-icons\"> <img decoding=\"async\" src=\"https:\/\/www.hundeschueler.de\/media\/contacts\/images\/con_mobile.png\" alt=\"Mobil: \" \/> <\/span> <span class=\"contact-mobile\"> 0178 \/ 2512680 (Di &#8211; Fr, 10 &#8211; 15 Uhr) <\/span><\/p>\n<\/div>\n<p>[\/et_pb_text][\/et_pb_column_inner][\/et_pb_row_inner][et_pb_row_inner _builder_version=&#8220;3.26.6&#8243;][et_pb_column_inner saved_specialty_column_type=&#8220;2_3&#8243; _builder_version=&#8220;3.26.6&#8243;][et_pb_toggle title=&#8220;Mehr&#8230;&#8220; _builder_version=&#8220;3.26.6&#8243;]<\/p>\n<p style=\"margin-bottom: 0cm;\">Hallo, mein Name ist Eliane Gehrke, genannt Eli, und ich war bereits Ende der 1990zigern nebenberuflich als Hundetrainerin f\u00fcr Labrador Retriever und Golden Retriever t\u00e4tig. Seit dieser Zeit wollte ich immer meinen Traum verwirklichen und mein Leben den Hunden widmen um mit Ihnen zu arbeiten.<\/p>\n<p style=\"margin-bottom: 0cm;\">\n<p style=\"margin-bottom: 0cm;\">2012 war es dann endlich so weit: Ich habe meinen Beruf an den Nagel geh\u00e4ngt, um Vollzeit mit Hunden zu arbeiten. Parallel startete ich den IHK\/BHV Zertifizierungslehrgang zum Hundetrainer und Verhaltensberater.<\/p>\n<p style=\"margin-bottom: 0cm;\">\n<p style=\"margin-bottom: 0cm;\">Training mit dem Hund hei\u00dft f\u00fcr mich: soviel Freiheit wie m\u00f6glich f\u00fcr Mensch und Hund!! Daf\u00fcr ist es f\u00fcr mich wichtig, dass der Hund rundum alltagstauglich ist und dadurch \u00fcberall dabei sein kann. Die tragenden S\u00e4ulen beim Training mit dem Hund sind f\u00fcr mich Motivation und positive Verst\u00e4rkung, Vertrauen und Respekt.<\/p>\n<p style=\"margin-bottom: 0cm;\">\n<p style=\"margin-bottom: 0cm;\">In zahlreichen Seminaren und Praktika bei namenhaften Hundetrainern und Verhaltenstherapeuten f\u00fcr Hunde, habe ich mir die theoretischen Grundlagen angeeignet und vertiefe mein Wissen fortlaufend in Weiterbildungen und speziellen Seminaren.<\/p>\n<p style=\"margin-bottom: 0cm;\">\n<p style=\"margin-bottom: 0cm;\">Mein Ziel ist es, in Zukunft Assistenz-Hunde auszubilden, um kranken und behinderten Menschen durch das Zusammenleben mit den vierbeinigen Fellnasen zu helfen und den Alltag zu verbessern.<\/p>\n<p style=\"margin-bottom: 0cm;\">\n<p style=\"margin-bottom: 0cm;\">Referenzen:<\/p>\n<p style=\"margin-bottom: 0cm;\">Praktika bei Dr. Barbara Sch\u00f6ning, Dr. Christiane Wergowski (geb. Quandt), Sabine Winkler uvm. Seminare: Viviane Theby, Dr. Barbara Sch\u00f6ning, Dr. Christiane Wergowski (geb. Quandt), Sabine Winkler, Dr. Ursula Breuer, Sabine Seufert, Ariane Ullrich uvm.<\/p>\n<p>[\/et_pb_toggle][\/et_pb_column_inner][\/et_pb_row_inner][\/et_pb_column][\/et_pb_section][et_pb_section fb_built=&#8220;1&#8243; specialty=&#8220;on&#8220; admin_label=&#8220;Person&#8220; _builder_version=&#8220;3.22&#8243; custom_padding=&#8220;|||&#8220;][et_pb_column type=&#8220;1_3&#8243; _builder_version=&#8220;3.25&#8243; custom_padding=&#8220;|||&#8220; custom_padding__hover=&#8220;|||&#8220;][et_pb_image src=&#8220;http:\/\/wordpress.p524739.webspaceconfig.de\/wp-content\/uploads\/2019\/09\/Lea.jpg&#8220; force_fullwidth=&#8220;on&#8220; align_tablet=&#8220;center&#8220; align_last_edited=&#8220;on|desktop&#8220; _builder_version=&#8220;3.26.6&#8243; box_shadow_style=&#8220;preset4&#8243; animation_style=&#8220;fade&#8220; locked=&#8220;off&#8220;][\/et_pb_image][\/et_pb_column][et_pb_column type=&#8220;2_3&#8243; specialty_columns=&#8220;2&#8243; _builder_version=&#8220;3.25&#8243; custom_padding=&#8220;|||&#8220; custom_padding__hover=&#8220;|||&#8220;][et_pb_row_inner _builder_version=&#8220;3.25&#8243; custom_padding=&#8220;29.6875px|0px|0px|0px&#8220;][et_pb_column_inner saved_specialty_column_type=&#8220;2_3&#8243; _builder_version=&#8220;3.25&#8243; custom_padding=&#8220;|||&#8220; custom_padding__hover=&#8220;|||&#8220;][et_pb_text admin_label=&#8220;Name&#8220; _builder_version=&#8220;3.0.105&#8243; text_font=&#8220;Montserrat||||||||&#8220; header_font=&#8220;||||||||&#8220; header_3_font=&#8220;Cormorant Garamond|500|||||||&#8220; header_3_font_size=&#8220;32px&#8220; custom_margin=&#8220;|||&#8220; custom_padding=&#8220;||1px|||&#8220; locked=&#8220;off&#8220;]<\/p>\n<h3>Lea Stiedl<\/h3>\n<p>Trainerin &amp; Betreuung HuTa<\/p>\n<p>Hundeerzieherin und Verhaltensbetreuerin IHK<\/p>\n<p>&nbsp;<\/p>\n<div class=\"contact-address\"><span class=\"contact-street\">Sachkundenachweis f\u00fcr gewerbliche Hundetrainer nach \u00a7 11, Absatz 1, Satz 1, Nummer 8 Buchstabe f des Tierschutzgesetzes.<\/span><\/div>\n<div class=\"contact-address\"><span class=\"contact-street\"><\/span><\/div>\n<div class=\"contact-address\"><span class=\"contact-street\"><\/span><\/div>\n<div class=\"contact-address\"><span class=\"contact-street\"><\/span><\/div>\n<div class=\"contact-address\"><span class=\"contact-street\"><\/span><\/div>\n<div class=\"contact-contactinfo\">\n<div class=\"contact-address\"><span class=\"contact-street\">\u00a0<\/span><\/div>\n<div class=\"contact-contactinfo\">\n<p><span class=\"jicons-icons\"> <img decoding=\"async\" src=\"https:\/\/www.hundeschueler.de\/media\/contacts\/images\/emailButton.png\" alt=\"E-Mail: \" \/> <\/span> <span class=\"contact-emailto\"> <span id=\"cloak4c1bf64f8ef814330d1ab25b8a040b55\"><a href=\"mailto:hallo@hundeschueler.de\">hallo@hundeschueler.de<\/a><\/span><\/span><\/p>\n<\/div>\n<\/div>\n<p>[\/et_pb_text][\/et_pb_column_inner][\/et_pb_row_inner][\/et_pb_column][\/et_pb_section][et_pb_section fb_built=&#8220;1&#8243; specialty=&#8220;on&#8220; admin_label=&#8220;Person&#8220; _builder_version=&#8220;3.22&#8243; custom_padding=&#8220;|||&#8220;][et_pb_column type=&#8220;1_3&#8243; _builder_version=&#8220;3.25&#8243; custom_padding=&#8220;|||&#8220; custom_padding__hover=&#8220;|||&#8220;][et_pb_image src=&#8220;http:\/\/wordpress.p524739.webspaceconfig.de\/wp-content\/uploads\/2019\/09\/peter2.jpg&#8220; force_fullwidth=&#8220;on&#8220; align_tablet=&#8220;center&#8220; align_last_edited=&#8220;on|desktop&#8220; _builder_version=&#8220;3.26.6&#8243; box_shadow_style=&#8220;preset4&#8243; animation_style=&#8220;fade&#8220; locked=&#8220;off&#8220;][\/et_pb_image][\/et_pb_column][et_pb_column type=&#8220;2_3&#8243; specialty_columns=&#8220;2&#8243; _builder_version=&#8220;3.25&#8243; custom_padding=&#8220;|||&#8220; custom_padding__hover=&#8220;|||&#8220;][et_pb_row_inner _builder_version=&#8220;3.25&#8243; custom_padding=&#8220;29.6875px|0px|0px|0px&#8220;][et_pb_column_inner saved_specialty_column_type=&#8220;2_3&#8243; _builder_version=&#8220;3.25&#8243; custom_padding=&#8220;|||&#8220; custom_padding__hover=&#8220;|||&#8220;][et_pb_text admin_label=&#8220;Name&#8220; _builder_version=&#8220;3.0.105&#8243; text_font=&#8220;Montserrat||||||||&#8220; header_font=&#8220;||||||||&#8220; header_3_font=&#8220;Cormorant Garamond|500|||||||&#8220; header_3_font_size=&#8220;32px&#8220; custom_margin=&#8220;|||&#8220; locked=&#8220;off&#8220;]<\/p>\n<h3>Peter Heckenbach<\/h3>\n<p>Betreuung HuTa<\/p>\n<p>[\/et_pb_text][\/et_pb_column_inner][\/et_pb_row_inner][\/et_pb_column][\/et_pb_section][et_pb_section fb_built=&#8220;1&#8243; specialty=&#8220;on&#8220; admin_label=&#8220;Person&#8220; _builder_version=&#8220;3.22&#8243; custom_padding=&#8220;|||&#8220;][et_pb_column type=&#8220;1_3&#8243; _builder_version=&#8220;3.25&#8243; custom_padding=&#8220;|||&#8220; custom_padding__hover=&#8220;|||&#8220;][et_pb_image src=&#8220;http:\/\/wordpress.p524739.webspaceconfig.de\/wp-content\/uploads\/2019\/09\/alexandra-bechter_kl2.jpg&#8220; force_fullwidth=&#8220;on&#8220; align_tablet=&#8220;center&#8220; align_last_edited=&#8220;on|desktop&#8220; _builder_version=&#8220;3.26.6&#8243; box_shadow_style=&#8220;preset4&#8243; animation_style=&#8220;fade&#8220; locked=&#8220;off&#8220;][\/et_pb_image][\/et_pb_column][et_pb_column type=&#8220;2_3&#8243; specialty_columns=&#8220;2&#8243; _builder_version=&#8220;3.25&#8243; custom_padding=&#8220;|||&#8220; custom_padding__hover=&#8220;|||&#8220;][et_pb_row_inner _builder_version=&#8220;3.25&#8243; custom_padding=&#8220;29.6875px|0px|0px|0px&#8220;][et_pb_column_inner saved_specialty_column_type=&#8220;2_3&#8243; _builder_version=&#8220;3.25&#8243; custom_padding=&#8220;|||&#8220; custom_padding__hover=&#8220;|||&#8220;][et_pb_text admin_label=&#8220;Name&#8220; _builder_version=&#8220;3.0.105&#8243; text_font=&#8220;Montserrat||||||||&#8220; header_font=&#8220;||||||||&#8220; header_3_font=&#8220;Cormorant Garamond|500|||||||&#8220; header_3_font_size=&#8220;32px&#8220; custom_margin=&#8220;|||&#8220; locked=&#8220;off&#8220;]<\/p>\n<h3>Alexandra Bechter<\/h3>\n<p>Trainerin &amp; Betreuung HuTa<\/p>\n<p>Hundeerzieherin und Verhaltensberaterin IHK<\/p>\n<p><span class=\"contact-street\">Sachkundenachweis f\u00fcr gewerbliche Hundetrainer nach \u00a7 11, Absatz 1, Satz 1, Nummer 8 Buchstabe f des Tierschutzgesetzes.<\/span><\/p>\n<p>[\/et_pb_text][\/et_pb_column_inner][\/et_pb_row_inner][\/et_pb_column][\/et_pb_section][et_pb_section fb_built=&#8220;1&#8243; specialty=&#8220;on&#8220; admin_label=&#8220;Person&#8220; _builder_version=&#8220;3.22&#8243; custom_padding=&#8220;|||&#8220;][et_pb_column type=&#8220;1_3&#8243; _builder_version=&#8220;3.25&#8243; custom_padding=&#8220;|||&#8220; custom_padding__hover=&#8220;|||&#8220;][et_pb_image src=&#8220;http:\/\/wordpress.p524739.webspaceconfig.de\/wp-content\/uploads\/2019\/09\/julia-klein.jpg&#8220; force_fullwidth=&#8220;on&#8220; align_tablet=&#8220;center&#8220; align_last_edited=&#8220;on|desktop&#8220; _builder_version=&#8220;3.26.6&#8243; box_shadow_style=&#8220;preset4&#8243; animation_style=&#8220;fade&#8220; locked=&#8220;off&#8220;][\/et_pb_image][\/et_pb_column][et_pb_column type=&#8220;2_3&#8243; specialty_columns=&#8220;2&#8243; _builder_version=&#8220;3.25&#8243; custom_padding=&#8220;|||&#8220; custom_padding__hover=&#8220;|||&#8220;][et_pb_row_inner _builder_version=&#8220;3.25&#8243; custom_padding=&#8220;29.6875px|0px|0px|0px&#8220;][et_pb_column_inner saved_specialty_column_type=&#8220;2_3&#8243; _builder_version=&#8220;3.25&#8243; custom_padding=&#8220;|||&#8220; custom_padding__hover=&#8220;|||&#8220;][et_pb_text admin_label=&#8220;Name&#8220; _builder_version=&#8220;3.0.105&#8243; text_font=&#8220;Montserrat||||||||&#8220; header_font=&#8220;||||||||&#8220; header_3_font=&#8220;Cormorant Garamond|500|||||||&#8220; header_3_font_size=&#8220;32px&#8220; custom_margin=&#8220;|||&#8220; locked=&#8220;off&#8220;]<\/p>\n<h3>Julia Springer<\/h3>\n<p>Betreuung HuTa<\/p>\n<p><span class=\"contact-street\">Sachkundenachweis f\u00fcr gewerbsm\u00e4\u00dfige Hundehaltung nach \u00a7 11(1) Nr. 3, 5 und 8 (a.,b.) Tierschutzgesetz <\/span><\/p>\n<p>[\/et_pb_text][\/et_pb_column_inner][\/et_pb_row_inner][\/et_pb_column][\/et_pb_section][et_pb_section fb_built=&#8220;1&#8243; specialty=&#8220;on&#8220; admin_label=&#8220;Person&#8220; _builder_version=&#8220;3.22&#8243; custom_padding=&#8220;|||&#8220;][et_pb_column type=&#8220;1_3&#8243; _builder_version=&#8220;3.25&#8243; custom_padding=&#8220;|||&#8220; custom_padding__hover=&#8220;|||&#8220;][et_pb_image src=&#8220;http:\/\/www.designentwurf.net\/wp-content\/uploads\/2019\/10\/kevin03.jpg&#8220; force_fullwidth=&#8220;on&#8220; align_tablet=&#8220;center&#8220; align_last_edited=&#8220;on|desktop&#8220; _builder_version=&#8220;3.26.6&#8243; box_shadow_style=&#8220;preset4&#8243; animation_style=&#8220;fade&#8220; locked=&#8220;off&#8220;][\/et_pb_image][\/et_pb_column][et_pb_column type=&#8220;2_3&#8243; specialty_columns=&#8220;2&#8243; _builder_version=&#8220;3.25&#8243; custom_padding=&#8220;|||&#8220; custom_padding__hover=&#8220;|||&#8220;][et_pb_row_inner _builder_version=&#8220;3.25&#8243; custom_padding=&#8220;29.6875px|0px|0px|0px&#8220;][et_pb_column_inner saved_specialty_column_type=&#8220;2_3&#8243; _builder_version=&#8220;3.25&#8243; custom_padding=&#8220;|||&#8220; custom_padding__hover=&#8220;|||&#8220;][et_pb_text admin_label=&#8220;Name&#8220; _builder_version=&#8220;3.26.6&#8243; text_font=&#8220;Montserrat||||||||&#8220; header_font=&#8220;||||||||&#8220; header_3_font=&#8220;Cormorant Garamond|500|||||||&#8220; header_3_font_size=&#8220;32px&#8220; custom_margin=&#8220;|||&#8220; locked=&#8220;off&#8220;]<\/p>\n<h3>Kevin Rock<\/h3>\n<p>Betreuung HuTa<\/p>\n<p><span class=\"contact-street\">Sachkundenachweis f\u00fcr gewerbsm\u00e4\u00dfige Hundehaltung nach \u00a7 11 (1) Nr. 3, 5 und 8 (a., b) Tierschutzgesetz<br \/> <\/span><\/p>\n<p><span class=\"contact-street\">Hundetrainer in Ausbildung<\/span><\/p>\n<p>[\/et_pb_text][\/et_pb_column_inner][\/et_pb_row_inner][\/et_pb_column][\/et_pb_section][et_pb_section fb_built=&#8220;1&#8243; specialty=&#8220;on&#8220; admin_label=&#8220;Person&#8220; _builder_version=&#8220;3.22&#8243; custom_padding=&#8220;|||&#8220;][et_pb_column type=&#8220;1_3&#8243; _builder_version=&#8220;3.25&#8243; custom_padding=&#8220;|||&#8220; custom_padding__hover=&#8220;|||&#8220;][et_pb_image src=&#8220;http:\/\/www.designentwurf.net\/wp-content\/uploads\/2019\/10\/louisa01.jpg&#8220; force_fullwidth=&#8220;on&#8220; align_tablet=&#8220;center&#8220; align_last_edited=&#8220;on|desktop&#8220; _builder_version=&#8220;3.26.6&#8243; box_shadow_style=&#8220;preset4&#8243; animation_style=&#8220;fade&#8220; locked=&#8220;off&#8220;][\/et_pb_image][\/et_pb_column][et_pb_column type=&#8220;2_3&#8243; specialty_columns=&#8220;2&#8243; _builder_version=&#8220;3.25&#8243; custom_padding=&#8220;|||&#8220; custom_padding__hover=&#8220;|||&#8220;][et_pb_row_inner _builder_version=&#8220;3.25&#8243; custom_padding=&#8220;29.6875px|0px|0px|0px&#8220;][et_pb_column_inner saved_specialty_column_type=&#8220;2_3&#8243; _builder_version=&#8220;3.25&#8243; custom_padding=&#8220;|||&#8220; custom_padding__hover=&#8220;|||&#8220;][et_pb_text admin_label=&#8220;Name&#8220; _builder_version=&#8220;3.26.6&#8243; text_font=&#8220;Montserrat||||||||&#8220; header_font=&#8220;||||||||&#8220; header_3_font=&#8220;Cormorant Garamond|500|||||||&#8220; header_3_font_size=&#8220;32px&#8220; custom_margin=&#8220;|||&#8220; locked=&#8220;off&#8220;]<\/p>\n<h3>Louisa Deller<\/h3>\n<p>Betreuung HuTa<\/p>\n<p><span class=\"contact-street\"><br \/> <\/span><\/p>\n<p>[\/et_pb_text][\/et_pb_column_inner][\/et_pb_row_inner][\/et_pb_column][\/et_pb_section][et_pb_section fb_built=&#8220;1&#8243; specialty=&#8220;on&#8220; admin_label=&#8220;Person&#8220; _builder_version=&#8220;3.22&#8243; custom_padding=&#8220;|||&#8220;][et_pb_column type=&#8220;1_3&#8243; _builder_version=&#8220;3.25&#8243; custom_padding=&#8220;|||&#8220; custom_padding__hover=&#8220;|||&#8220;][et_pb_image src=&#8220;http:\/\/www.designentwurf.net\/wp-content\/uploads\/2019\/10\/andrea01.jpg&#8220; force_fullwidth=&#8220;on&#8220; align_tablet=&#8220;center&#8220; align_last_edited=&#8220;on|desktop&#8220; _builder_version=&#8220;3.26.6&#8243; box_shadow_style=&#8220;preset4&#8243; animation_style=&#8220;fade&#8220; locked=&#8220;off&#8220;][\/et_pb_image][\/et_pb_column][et_pb_column type=&#8220;2_3&#8243; specialty_columns=&#8220;2&#8243; _builder_version=&#8220;3.25&#8243; custom_padding=&#8220;|||&#8220; custom_padding__hover=&#8220;|||&#8220;][et_pb_row_inner _builder_version=&#8220;3.25&#8243; custom_padding=&#8220;29.6875px|0px|0px|0px&#8220;][et_pb_column_inner saved_specialty_column_type=&#8220;2_3&#8243; _builder_version=&#8220;3.25&#8243; custom_padding=&#8220;|||&#8220; custom_padding__hover=&#8220;|||&#8220;][et_pb_text admin_label=&#8220;Name&#8220; _builder_version=&#8220;3.26.6&#8243; text_font=&#8220;Montserrat||||||||&#8220; header_font=&#8220;||||||||&#8220; header_3_font=&#8220;Cormorant Garamond|500|||||||&#8220; header_3_font_size=&#8220;32px&#8220; custom_margin=&#8220;|||&#8220; locked=&#8220;off&#8220;]<\/p>\n<h3>Andrea Schaeuffelen<\/h3>\n<p>Betreuung HuTa<\/p>\n<p><span class=\"contact-street\"><br \/> <\/span><\/p>\n<p>[\/et_pb_text][\/et_pb_column_inner][\/et_pb_row_inner][\/et_pb_column][\/et_pb_section][et_pb_section fb_built=&#8220;1&#8243; fullwidth=&#8220;on&#8220; _builder_version=&#8220;3.26.6&#8243;][et_pb_fullwidth_image src=&#8220;http:\/\/www.designentwurf.net\/wp-content\/uploads\/2019\/08\/Pfoten-grau.png&#8220; _builder_version=&#8220;3.26.6&#8243;][\/et_pb_fullwidth_image][\/et_pb_section]<\/p>\n","protected":false},"excerpt":{"rendered":"<p>[et_pb_section fb_built=&#8220;1&#8243; _builder_version=&#8220;3.26.6&#8243; custom_padding=&#8220;0px||0px|||&#8220; top_divider_style=&#8220;ramp2&#8243; top_divider_color=&#8220;#474747&#8243; top_divider_height=&#8220;145px&#8220; top_divider_flip=&#8220;vertical|horizontal&#8220; locked=&#8220;off&#8220;][et_pb_row _builder_version=&#8220;3.26.6&#8243; background_size=&#8220;initial&#8220; background_position=&#8220;top_left&#8220; background_repeat=&#8220;repeat&#8220; custom_padding=&#8220;98px|||||&#8220;][et_pb_column type=&#8220;4_4&#8243; _builder_version=&#8220;3.25&#8243; custom_padding=&#8220;|||&#8220; custom_padding__hover=&#8220;|||&#8220;][et_pb_text _builder_version=&#8220;3.26.6&#8243; animation_style=&#8220;fade&#8220;] UNSER TEAM [\/et_pb_text][\/et_pb_column][\/et_pb_row][\/et_pb_section][et_pb_section fb_built=&#8220;1&#8243; specialty=&#8220;on&#8220; admin_label=&#8220;Person&#8220; _builder_version=&#8220;3.22&#8243; min_height=&#8220;569px&#8220; custom_margin=&#8220;-10px|||||&#8220; custom_padding=&#8220;|||&#8220;][et_pb_column type=&#8220;1_3&#8243; _builder_version=&#8220;3.25&#8243; custom_padding=&#8220;|||&#8220; custom_padding__hover=&#8220;|||&#8220;][et_pb_image src=&#8220;http:\/\/wordpress.p524739.webspaceconfig.de\/wp-content\/uploads\/2019\/09\/ralle_eddi_4.jpg&#8220; force_fullwidth=&#8220;on&#8220; align_tablet=&#8220;center&#8220; align_last_edited=&#8220;on|desktop&#8220; _builder_version=&#8220;3.26.6&#8243; box_shadow_style=&#8220;preset4&#8243; animation_style=&#8220;fade&#8220; locked=&#8220;off&#8220;][\/et_pb_image][\/et_pb_column][et_pb_column type=&#8220;2_3&#8243; specialty_columns=&#8220;2&#8243; _builder_version=&#8220;3.25&#8243; custom_padding=&#8220;|||&#8220; custom_padding__hover=&#8220;|||&#8220;][et_pb_row_inner _builder_version=&#8220;3.25&#8243; custom_padding=&#8220;29.6875px|0px|0px|0px&#8220;][et_pb_column_inner saved_specialty_column_type=&#8220;2_3&#8243; _builder_version=&#8220;3.25&#8243; custom_padding=&#8220;|||&#8220; custom_padding__hover=&#8220;|||&#8220;][et_pb_text admin_label=&#8220;Name&#8220; _builder_version=&#8220;3.0.105&#8243; [&hellip;]<\/p>\n","protected":false},"author":1,"featured_media":0,"parent":0,"menu_order":0,"comment_status":"closed","ping_status":"closed","template":"","meta":{"footnotes":""},"_links":{"self":[{"href":"http:\/\/hund-und-schueler.de\/index.php?rest_route=\/wp\/v2\/pages\/589"}],"collection":[{"href":"http:\/\/hund-und-schueler.de\/index.php?rest_route=\/wp\/v2\/pages"}],"about":[{"href":"http:\/\/hund-und-schueler.de\/index.php?rest_route=\/wp\/v2\/types\/page"}],"author":[{"embeddable":true,"href":"http:\/\/hund-und-schueler.de\/index.php?rest_route=\/wp\/v2\/users\/1"}],"replies":[{"embeddable":true,"href":"http:\/\/hund-und-schueler.de\/index.php?rest_route=%2Fwp%2Fv2%2Fcomments&post=589"}],"version-history":[{"count":0,"href":"http:\/\/hund-und-schueler.de\/index.php?rest_route=\/wp\/v2\/pages\/589\/revisions"}],"wp:attachment":[{"href":"http:\/\/hund-und-schueler.de\/index.php?rest_route=%2Fwp%2Fv2%2Fmedia&parent=589"}],"curies":[{"name":"wp","href":"https:\/\/api.w.org\/{rel}","templated":true}]}}