{"id":440,"date":"2019-08-28T12:25:30","date_gmt":"2019-08-28T10:25:30","guid":{"rendered":"http:\/\/wordpress.p524739.webspaceconfig.de\/?page_id=440"},"modified":"2019-08-28T12:25:30","modified_gmt":"2019-08-28T10:25:30","slug":"anfrage","status":"publish","type":"page","link":"http:\/\/hund-und-schueler.de\/?page_id=440","title":{"rendered":"Anfrage"},"content":{"rendered":"<p>[et_pb_section fb_built=&#8220;1&#8243; _builder_version=&#8220;3.26.6&#8243; min_height=&#8220;137px&#8220; custom_margin=&#8220;||-120px||false|false&#8220; custom_padding=&#8220;0px|||||&#8220; top_divider_style=&#8220;ramp2&#8243; top_divider_color=&#8220;#474747&#8243; top_divider_height=&#8220;75px&#8220; top_divider_flip=&#8220;vertical|horizontal&#8220; locked=&#8220;off&#8220;][\/et_pb_section][et_pb_section fb_built=&#8220;1&#8243; _builder_version=&#8220;3.26.6&#8243; custom_margin=&#8220;8px||-126px|||&#8220; custom_padding=&#8220;20px||||false|false&#8220;][et_pb_row column_structure=&#8220;1_4,1_4,1_4,1_4&#8243; _builder_version=&#8220;3.26.6&#8243; min_height=&#8220;179px&#8220; custom_padding=&#8220;0px|||||&#8220; custom_margin=&#8220;15px||||false|false&#8220;][et_pb_column type=&#8220;1_4&#8243; _builder_version=&#8220;3.26.6&#8243;][et_pb_blurb use_icon=&#8220;on&#8220; font_icon=&#8220;%%264%%&#8220; icon_color=&#8220;#f3991c&#8220; _builder_version=&#8220;3.26.6&#8243; min_height=&#8220;227px&#8220; custom_margin=&#8220;6px|||-2px||&#8220; custom_padding=&#8220;0px||0px|||&#8220;]<\/p>\n<h5 style=\"text-align: center;\"><span style=\"font-size: medium;\"><strong><span style=\"color: #4f4f4f;\">Telefon Hundeschule<\/span><\/strong><\/span><\/h5>\n<h6 style=\"text-align: center;\"><span style=\"font-size: x-small; color: #4f4f4f;\">(F\u00fcr Kurs- und Trainingsinformationen)<\/span><\/h6>\n<h3 style=\"text-align: center;\"><span style=\"font-size: x-small;\"><span style=\"font-size: x-large;\">Di.- Fr. 10-15 h:<\/span><\/span><\/h3>\n<h3 style=\"text-align: center;\"><span style=\"font-size: x-small;\"><span style=\"font-size: x-large;\"> 0175\/ 2515680<\/span><br \/> <\/span><\/h3>\n<p>[\/et_pb_blurb][\/et_pb_column][et_pb_column type=&#8220;1_4&#8243; _builder_version=&#8220;3.26.6&#8243;][et_pb_blurb use_icon=&#8220;on&#8220; font_icon=&#8220;%%264%%&#8220; icon_color=&#8220;#106fac&#8220; _builder_version=&#8220;3.26.6&#8243; min_height=&#8220;229px&#8220; custom_padding=&#8220;0px||0px|||&#8220;]<\/p>\n<h2 style=\"text-align: center;\"><span style=\"font-size: medium; color: #4f4f4f;\"><strong>Telefon Hundetagesst\u00e4tte<\/strong><\/span><\/h2>\n<h6 style=\"text-align: center;\"><span style=\"font-size: x-small;\">(<span style=\"color: #4f4f4f;\">Nur f\u00fcr Fragen zur Betreuung)<\/span><\/span><\/h6>\n<h6 style=\"text-align: center;\"><span style=\"font-size: x-large;\">Mo.- Fr. 8-17 h:<\/span><\/h6>\n<h1 style=\"text-align: center;\"><span style=\"font-size: x-large;\">0160\/ 99180208<\/span><\/h1>\n<p>&nbsp;<\/p>\n<p>[\/et_pb_blurb][\/et_pb_column][et_pb_column type=&#8220;1_4&#8243; _builder_version=&#8220;3.26.6&#8243;][et_pb_blurb use_icon=&#8220;on&#8220; font_icon=&#8220;%%238%%&#8220; icon_color=&#8220;#4f4f4f&#8220; _builder_version=&#8220;3.26.6&#8243; min_height=&#8220;171px&#8220; custom_padding=&#8220;||1px|||&#8220;]<\/p>\n<h5 style=\"text-align: center;\"><span style=\"color: #4f4f4f;\"><strong>E-Mail<\/strong><\/span><\/h5>\n<h6 style=\"text-align: center;\"><span style=\"color: #4f4f4f;\">hallo@hundeschueler.de<\/span><\/h6>\n<p>[\/et_pb_blurb][\/et_pb_column][et_pb_column type=&#8220;1_4&#8243; _builder_version=&#8220;3.26.6&#8243;][et_pb_blurb use_icon=&#8220;on&#8220; font_icon=&#8220;%%236%%&#8220; icon_color=&#8220;#4f4f4f&#8220; _builder_version=&#8220;3.26.6&#8243;]<\/p>\n<h5 style=\"text-align: center;\"><strong><span style=\"color: #4f4f4f;\">Trainingsplatz &amp; Betreuung<\/span><\/strong><\/h5>\n<p style=\"text-align: center;\"><span style=\"color: #4f4f4f;\">Theodor-Heuss-Ring 52<\/span><\/p>\n<p style=\"text-align: center;\"><span style=\"color: #4f4f4f;\">65189 Wiesbaden<\/span><\/p>\n<pre><\/pre>\n<p>[\/et_pb_blurb][\/et_pb_column][\/et_pb_row][\/et_pb_section][et_pb_section fb_built=&#8220;1&#8243; admin_label=&#8220;Footer Section&#8220; _builder_version=&#8220;3.26.6&#8243; background_color=&#8220;#232220&#8243; use_background_color_gradient=&#8220;on&#8220; background_color_gradient_start=&#8220;rgba(104,89,82,0.55)&#8220; background_color_gradient_end=&#8220;rgba(35,34,32,0.13)&#8220; background_color_gradient_start_position=&#8220;25%&#8220; background_color_gradient_overlays_image=&#8220;on&#8220; background_image=&#8220;http:\/\/wordpress.p524739.webspaceconfig.de\/wp-content\/uploads\/2019\/08\/AdobeStock_189472519-1.jpeg&#8220; min_height=&#8220;659px&#8220; custom_margin=&#8220;38px|||||&#8220; custom_padding=&#8220;0px|0px|0px|0px|true|false&#8220; global_module=&#8220;432&#8243; saved_tabs=&#8220;all&#8220;][et_pb_row column_structure=&#8220;1_3,2_3&#8243; _builder_version=&#8220;3.26.6&#8243;][et_pb_column type=&#8220;1_3&#8243; _builder_version=&#8220;3.26.6&#8243;][\/et_pb_column][et_pb_column type=&#8220;2_3&#8243; _builder_version=&#8220;3.26.6&#8243;][et_pb_contact_form captcha=&#8220;off&#8220; email=&#8220;hallo@hundeschueler.de&#8220; title=&#8220;Anfrage&#8220; success_message=&#8220;Anfrage erfolgreich gesendet.&#8220; submit_button_text=&#8220;Anfrage absenden&#8220; module_id=&#8220;AnfrageHuta&#8220; _builder_version=&#8220;3.26.6&#8243; title_text_color=&#8220;rgba(0,0,0,0.69)&#8220; custom_button=&#8220;on&#8220; button_text_size=&#8220;18px&#8220; button_text_color=&#8220;rgba(0,0,0,0.69)&#8220; button_bg_color=&#8220;#ffffff&#8220; button_border_color=&#8220;rgba(0,0,0,0.69)&#8220; button_border_radius=&#8220;18px&#8220; min_height=&#8220;331px&#8220; animation_style=&#8220;fade&#8220; animation_duration=&#8220;1400ms&#8220;][et_pb_contact_field field_id=&#8220;Auswahl&#8220; field_title=&#8220;Wof\u00fcr interessieren Sie sich?&#8220; field_type=&#8220;checkbox&#8220; checkbox_options=&#8220;%91{%22value%22:%22Hundeschule%22,%22checked%22:0,%22dragID%22:-1},{%22value%22:%22Hundetagesst\u00e4tte%22,%22checked%22:0,%22dragID%22:0}%93&#8243; fullwidth_field=&#8220;on&#8220; _builder_version=&#8220;3.26.6&#8243; form_field_background_color=&#8220;#ffffff&#8220; form_field_text_color=&#8220;rgba(0,0,0,0.69)&#8220; form_field_focus_background_color=&#8220;rgba(0,0,0,0.69)&#8220; form_field_focus_text_color=&#8220;rgba(0,0,0,0.69)&#8220; border_color_all=&#8220;rgba(0,0,0,0.69)&#8220; text_orientation=&#8220;left&#8220;][\/et_pb_contact_field][et_pb_contact_field field_id=&#8220;Name&#8220; field_title=&#8220;Name&#8220; _builder_version=&#8220;3.16&#8243; border_radii=&#8220;on||||&#8220; button_text_size__hover_enabled=&#8220;off&#8220; button_one_text_size__hover_enabled=&#8220;off&#8220; button_two_text_size__hover_enabled=&#8220;off&#8220; button_text_color__hover_enabled=&#8220;off&#8220; button_one_text_color__hover_enabled=&#8220;off&#8220; button_two_text_color__hover_enabled=&#8220;off&#8220; button_border_width__hover_enabled=&#8220;off&#8220; button_one_border_width__hover_enabled=&#8220;off&#8220; button_two_border_width__hover_enabled=&#8220;off&#8220; button_border_color__hover_enabled=&#8220;off&#8220; button_one_border_color__hover_enabled=&#8220;off&#8220; button_two_border_color__hover_enabled=&#8220;off&#8220; button_border_radius__hover_enabled=&#8220;off&#8220; button_one_border_radius__hover_enabled=&#8220;off&#8220; button_two_border_radius__hover_enabled=&#8220;off&#8220; button_letter_spacing__hover_enabled=&#8220;off&#8220; button_one_letter_spacing__hover_enabled=&#8220;off&#8220; button_two_letter_spacing__hover_enabled=&#8220;off&#8220; button_bg_color__hover_enabled=&#8220;off&#8220; button_one_bg_color__hover_enabled=&#8220;off&#8220; button_two_bg_color__hover_enabled=&#8220;off&#8220;][\/et_pb_contact_field][et_pb_contact_field field_id=&#8220;Email&#8220; field_title=&#8220;E-Mail-Adresse&#8220; field_type=&#8220;email&#8220; _builder_version=&#8220;3.16&#8243; border_radii=&#8220;on||||&#8220; button_text_size__hover_enabled=&#8220;off&#8220; button_one_text_size__hover_enabled=&#8220;off&#8220; button_two_text_size__hover_enabled=&#8220;off&#8220; button_text_color__hover_enabled=&#8220;off&#8220; button_one_text_color__hover_enabled=&#8220;off&#8220; button_two_text_color__hover_enabled=&#8220;off&#8220; button_border_width__hover_enabled=&#8220;off&#8220; button_one_border_width__hover_enabled=&#8220;off&#8220; button_two_border_width__hover_enabled=&#8220;off&#8220; button_border_color__hover_enabled=&#8220;off&#8220; button_one_border_color__hover_enabled=&#8220;off&#8220; button_two_border_color__hover_enabled=&#8220;off&#8220; button_border_radius__hover_enabled=&#8220;off&#8220; button_one_border_radius__hover_enabled=&#8220;off&#8220; button_two_border_radius__hover_enabled=&#8220;off&#8220; button_letter_spacing__hover_enabled=&#8220;off&#8220; button_one_letter_spacing__hover_enabled=&#8220;off&#8220; button_two_letter_spacing__hover_enabled=&#8220;off&#8220; button_bg_color__hover_enabled=&#8220;off&#8220; button_one_bg_color__hover_enabled=&#8220;off&#8220; button_two_bg_color__hover_enabled=&#8220;off&#8220;][\/et_pb_contact_field][et_pb_contact_field field_id=&#8220;Field_4&#8243; field_title=&#8220;Telefon&#8220; fullwidth_field=&#8220;on&#8220; _builder_version=&#8220;3.26.6&#8243;][\/et_pb_contact_field][et_pb_contact_field field_id=&#8220;Message&#8220; field_title=&#8220;Nachricht&#8220; field_type=&#8220;text&#8220; fullwidth_field=&#8220;on&#8220; _builder_version=&#8220;3.26.6&#8243; border_radii=&#8220;on||||&#8220; button_text_size__hover_enabled=&#8220;off&#8220; button_one_text_size__hover_enabled=&#8220;off&#8220; button_two_text_size__hover_enabled=&#8220;off&#8220; button_text_color__hover_enabled=&#8220;off&#8220; button_one_text_color__hover_enabled=&#8220;off&#8220; button_two_text_color__hover_enabled=&#8220;off&#8220; button_border_width__hover_enabled=&#8220;off&#8220; button_one_border_width__hover_enabled=&#8220;off&#8220; button_two_border_width__hover_enabled=&#8220;off&#8220; button_border_color__hover_enabled=&#8220;off&#8220; button_one_border_color__hover_enabled=&#8220;off&#8220; button_two_border_color__hover_enabled=&#8220;off&#8220; button_border_radius__hover_enabled=&#8220;off&#8220; button_one_border_radius__hover_enabled=&#8220;off&#8220; button_two_border_radius__hover_enabled=&#8220;off&#8220; button_letter_spacing__hover_enabled=&#8220;off&#8220; button_one_letter_spacing__hover_enabled=&#8220;off&#8220; button_two_letter_spacing__hover_enabled=&#8220;off&#8220; button_bg_color__hover_enabled=&#8220;off&#8220; button_one_bg_color__hover_enabled=&#8220;off&#8220; button_two_bg_color__hover_enabled=&#8220;off&#8220;][\/et_pb_contact_field][et_pb_contact_field field_id=&#8220;Field_6&#8243; field_title=&#8220;Ich stimme zu, dass meine Angaben aus dem Kontaktformular zur Beantwortung meiner Anfrage erhoben und verarbeitet werden. Die Daten werden nach abgeschlossener Bearbeitung Ihrer Anfrage gel\u00f6scht. Hinweis: Sie k\u00f6nnen Ihre Einwilligung jederzeit f\u00fcr die Zukunft per E-Mail an hallo@hundeschueler.de widerrufen. Detaillierte Informationen zum Umgang mit Nutzerdaten finden Sie in unserer Datenschutzerkl\u00e4rung.&#8220; field_type=&#8220;checkbox&#8220; checkbox_options=&#8220;%91{%22value%22:%22Einwilligung Datenschutz%22,%22checked%22:0,%22dragID%22:-1}%93&#8243; fullwidth_field=&#8220;on&#8220; _builder_version=&#8220;3.26.6&#8243; form_field_background_color=&#8220;#fc9569&#8243; form_field_text_color=&#8220;#474747&#8243; form_field_focus_background_color=&#8220;#ffffff&#8220; background_color=&#8220;#ffffff&#8220; background_enable_color=&#8220;on&#8220; custom_margin=&#8220;|||21px|false|false&#8220; custom_padding=&#8220;||0px||false|false&#8220;][\/et_pb_contact_field][\/et_pb_contact_form][\/et_pb_column][\/et_pb_row][\/et_pb_section]<\/p>\n","protected":false},"excerpt":{"rendered":"<p>[et_pb_section fb_built=&#8220;1&#8243; _builder_version=&#8220;3.26.6&#8243; min_height=&#8220;137px&#8220; custom_margin=&#8220;||-120px||false|false&#8220; custom_padding=&#8220;0px|||||&#8220; top_divider_style=&#8220;ramp2&#8243; top_divider_color=&#8220;#474747&#8243; top_divider_height=&#8220;75px&#8220; top_divider_flip=&#8220;vertical|horizontal&#8220; locked=&#8220;off&#8220;][\/et_pb_section][et_pb_section fb_built=&#8220;1&#8243; _builder_version=&#8220;3.26.6&#8243; custom_margin=&#8220;8px||-126px|||&#8220; custom_padding=&#8220;20px||||false|false&#8220;][et_pb_row column_structure=&#8220;1_4,1_4,1_4,1_4&#8243; _builder_version=&#8220;3.26.6&#8243; min_height=&#8220;179px&#8220; custom_padding=&#8220;0px|||||&#8220; custom_margin=&#8220;15px||||false|false&#8220;][et_pb_column type=&#8220;1_4&#8243; _builder_version=&#8220;3.26.6&#8243;][et_pb_blurb use_icon=&#8220;on&#8220; font_icon=&#8220;%%264%%&#8220; icon_color=&#8220;#f3991c&#8220; _builder_version=&#8220;3.26.6&#8243; min_height=&#8220;227px&#8220; custom_margin=&#8220;6px|||-2px||&#8220; custom_padding=&#8220;0px||0px|||&#8220;] Telefon Hundeschule (F\u00fcr Kurs- und Trainingsinformationen) Di.- Fr. 10-15 h: 0175\/ 2515680 [\/et_pb_blurb][\/et_pb_column][et_pb_column type=&#8220;1_4&#8243; _builder_version=&#8220;3.26.6&#8243;][et_pb_blurb use_icon=&#8220;on&#8220; font_icon=&#8220;%%264%%&#8220; icon_color=&#8220;#106fac&#8220; _builder_version=&#8220;3.26.6&#8243; min_height=&#8220;229px&#8220; custom_padding=&#8220;0px||0px|||&#8220;] Telefon Hundetagesst\u00e4tte (Nur f\u00fcr Fragen [&hellip;]<\/p>\n","protected":false},"author":1,"featured_media":0,"parent":0,"menu_order":0,"comment_status":"closed","ping_status":"closed","template":"","meta":{"footnotes":""},"_links":{"self":[{"href":"http:\/\/hund-und-schueler.de\/index.php?rest_route=\/wp\/v2\/pages\/440"}],"collection":[{"href":"http:\/\/hund-und-schueler.de\/index.php?rest_route=\/wp\/v2\/pages"}],"about":[{"href":"http:\/\/hund-und-schueler.de\/index.php?rest_route=\/wp\/v2\/types\/page"}],"author":[{"embeddable":true,"href":"http:\/\/hund-und-schueler.de\/index.php?rest_route=\/wp\/v2\/users\/1"}],"replies":[{"embeddable":true,"href":"http:\/\/hund-und-schueler.de\/index.php?rest_route=%2Fwp%2Fv2%2Fcomments&post=440"}],"version-history":[{"count":0,"href":"http:\/\/hund-und-schueler.de\/index.php?rest_route=\/wp\/v2\/pages\/440\/revisions"}],"wp:attachment":[{"href":"http:\/\/hund-und-schueler.de\/index.php?rest_route=%2Fwp%2Fv2%2Fmedia&parent=440"}],"curies":[{"name":"wp","href":"https:\/\/api.w.org\/{rel}","templated":true}]}}